{"id":3986,"date":"2021-06-01T11:19:31","date_gmt":"2021-06-01T09:19:31","guid":{"rendered":"https:\/\/mapp.com\/de\/?page_id=3986"},"modified":"2022-01-11T12:51:35","modified_gmt":"2022-01-11T11:51:35","slug":"ai-marketer","status":"publish","type":"page","link":"https:\/\/mapp.com\/de\/mapp-intelligence\/ai-marketer\/","title":{"rendered":"AI Marketer"},"content":{"rendered":"<div style=\"width: 80%; margin: 50px auto;\">Gef\u00f6rdert vom Pro FIT Programm der Investitionsbank Berlin forscht Webtrekk (eine 100 %-ige Mapp Tochterfirma) an einer KI (AI Marketer), die Analysten und Marketing-Verantwortliche bei ihrer t\u00e4glichen Arbeit mit Entscheidungsvorlagen und Vorschl\u00e4gen unterst\u00fctzt. Dieses Projekt wird kofinanziert durch den Europ\u00e4ischen Fonds f\u00fcr regionale Entwicklung (EFRE).<strong>Projektbeschreibung<\/strong><br \/>\nDer AI Marketer hilft dabei, das digitale Marketing eines Unternehmens zu optimieren. Er warnt, wenn Kampagnen nicht gut funktionieren, gibt Ratschl\u00e4ge wie die Situation verbessert werden kann, findet interessante Zielgruppen, wertet Social Media-Daten aus und schl\u00e4gt aktiv m\u00f6gliche Kampagnen vor. Er gibt au\u00dferdem auch Gr\u00fcnde f\u00fcr Anomalien an, die nicht nur in den Daten zu finden sind, zum Beispiel warum Verkaufszahlen signifikant steigen oder fallen, warum der Traffic einbricht oder anschwillt. Dazu werden Root-Cause-Analysen vorgenommen, die neben den gesammelten Daten auch eine Event-Datenbank auswertet, in der Events festgehalten werden, die aus Social Media-Daten extrahiert werden. Ber\u00fccksichtigt werden beispielsweise Fu\u00dfballmeisterschaften, heftige Unwetter, Pandemien, Ferien, Feiertage, etc. Weiterhin versorgt der AI Marketer die Nutzer mit interessanten Einsichten und automatisiert generierten Dashboards zur Performance der digitalen Plattformen und Marketing-Aktivit\u00e4ten.<strong>Projektziel<\/strong><br \/>\nAnalysten und Marketing-Mitarbeiter behalten so den \u00dcberblick und k\u00f6nnen sich auf ihre Gesch\u00e4ftst\u00e4tigkeit konzentrieren und m\u00fcssen nicht kontinuierlich pr\u00fcfen, ob Unregelm\u00e4\u00dfigkeiten und Anomalien vorliegen. Der AI Marketer ist als Plattform konzipiert, so dass sich Nachrichten und Insights aus den unterschiedlichsten Systemen b\u00fcndeln lassen.<\/p>\n<p><img loading=\"lazy\" decoding=\"async\" class=\"alignnone wp-image-3987 size-medium\" src=\"https:\/\/mapp.com\/de\/wp-content\/uploads\/sites\/3\/2021\/06\/erdf_english-300x79.jpg\" alt=\"\" width=\"300\" height=\"79\" srcset=\"https:\/\/mapp.com\/de\/wp-content\/uploads\/sites\/3\/2021\/06\/erdf_english-300x79.jpg 300w, https:\/\/mapp.com\/de\/wp-content\/uploads\/sites\/3\/2021\/06\/erdf_english.jpg 500w\" sizes=\"auto, (max-width: 300px) 100vw, 300px\" \/><\/p>\n<\/div>\n","protected":false},"excerpt":{"rendered":"<p>Gef\u00f6rdert vom Pro FIT Programm der Investitionsbank Berlin forscht Webtrekk (eine 100 %-ige Mapp Tochterfirma) an einer KI (AI Marketer), die Analysten und Marketing-Verantwortliche bei ihrer t\u00e4glichen Arbeit mit Entscheidungsvorlagen und Vorschl\u00e4gen unterst\u00fctzt. Dieses Projekt&#8230;<\/p>\n","protected":false},"author":18,"featured_media":0,"parent":1759,"menu_order":0,"comment_status":"closed","ping_status":"closed","template":"page-templates\/terms.php","meta":{"_acf_changed":false,"footnotes":""},"class_list":["post-3986","page","type-page","status-publish","hentry"],"acf":[],"_links":{"self":[{"href":"https:\/\/mapp.com\/de\/wp-json\/wp\/v2\/pages\/3986","targetHints":{"allow":["GET"]}}],"collection":[{"href":"https:\/\/mapp.com\/de\/wp-json\/wp\/v2\/pages"}],"about":[{"href":"https:\/\/mapp.com\/de\/wp-json\/wp\/v2\/types\/page"}],"author":[{"embeddable":true,"href":"https:\/\/mapp.com\/de\/wp-json\/wp\/v2\/users\/18"}],"replies":[{"embeddable":true,"href":"https:\/\/mapp.com\/de\/wp-json\/wp\/v2\/comments?post=3986"}],"version-history":[{"count":0,"href":"https:\/\/mapp.com\/de\/wp-json\/wp\/v2\/pages\/3986\/revisions"}],"up":[{"embeddable":true,"href":"https:\/\/mapp.com\/de\/wp-json\/wp\/v2\/pages\/1759"}],"wp:attachment":[{"href":"https:\/\/mapp.com\/de\/wp-json\/wp\/v2\/media?parent=3986"}],"curies":[{"name":"wp","href":"https:\/\/api.w.org\/{rel}","templated":true}]}}