{"id":5519,"date":"2022-01-24T11:19:05","date_gmt":"2022-01-24T10:19:05","guid":{"rendered":"https:\/\/mapp.com\/de\/?page_id=5519"},"modified":"2026-01-09T14:17:51","modified_gmt":"2026-01-09T13:17:51","slug":"impressum","status":"publish","type":"page","link":"https:\/\/mapp.com\/de\/impressum\/","title":{"rendered":"Impressum"},"content":{"rendered":"<p><img loading=\"lazy\" decoding=\"async\" class=\"alignnone size-medium wp-image-1132\" src=\"https:\/\/mappmain.wpengine.com\/wp-content\/uploads\/2018\/12\/mapp-logo-legal-300x78.png\" alt=\"\" width=\"300\" height=\"78\" srcset=\"https:\/\/mapp.com\/de\/wp-content\/uploads\/sites\/3\/2018\/12\/mapp-logo-legal-300x78.png 300w, https:\/\/mapp.com\/de\/wp-content\/uploads\/sites\/3\/2018\/12\/mapp-logo-legal-768x200.png 768w, https:\/\/mapp.com\/de\/wp-content\/uploads\/sites\/3\/2018\/12\/mapp-logo-legal-1024x266.png 1024w, https:\/\/mapp.com\/de\/wp-content\/uploads\/sites\/3\/2018\/12\/mapp-logo-legal-770x200.png 770w, https:\/\/mapp.com\/de\/wp-content\/uploads\/sites\/3\/2018\/12\/mapp-logo-legal.png 1418w\" sizes=\"auto, (max-width: 300px) 100vw, 300px\" \/><\/p>\n<p><strong>Mapp Digital Germany GmbH<\/strong><\/p>\n<p>Sandstr. 3<br \/>\n80335 M\u00fcnchen<\/p>\n<p>Registered with the District Court<br \/>\nM\u00fcnchen HRB 226181<\/p>\n<p>Gesch\u00e4ftsf\u00fchrer \/ Managing Director: James Brooke<\/p>\n<p>VAT: DE 306715331<\/p>\n<p>EMAIL: legal@mapp.com<\/p>\n<p><script type=\"application\/javascript\"> var UC_UI_SUPPRESS_CMP_DISPLAY=true; <\/script><\/p>\n","protected":false},"excerpt":{"rendered":"<p>Mapp Digital Germany GmbH Sandstr. 3 80335 M\u00fcnchen Registered with the District Court M\u00fcnchen HRB 226181 Gesch\u00e4ftsf\u00fchrer \/ Managing Director: James Brooke VAT: DE 306715331 EMAIL: legal@mapp.com<\/p>\n","protected":false},"author":18,"featured_media":0,"parent":0,"menu_order":0,"comment_status":"closed","ping_status":"closed","template":"","meta":{"_acf_changed":false,"footnotes":""},"class_list":["post-5519","page","type-page","status-publish","hentry"],"acf":[],"_links":{"self":[{"href":"https:\/\/mapp.com\/de\/wp-json\/wp\/v2\/pages\/5519","targetHints":{"allow":["GET"]}}],"collection":[{"href":"https:\/\/mapp.com\/de\/wp-json\/wp\/v2\/pages"}],"about":[{"href":"https:\/\/mapp.com\/de\/wp-json\/wp\/v2\/types\/page"}],"author":[{"embeddable":true,"href":"https:\/\/mapp.com\/de\/wp-json\/wp\/v2\/users\/18"}],"replies":[{"embeddable":true,"href":"https:\/\/mapp.com\/de\/wp-json\/wp\/v2\/comments?post=5519"}],"version-history":[{"count":1,"href":"https:\/\/mapp.com\/de\/wp-json\/wp\/v2\/pages\/5519\/revisions"}],"predecessor-version":[{"id":13511,"href":"https:\/\/mapp.com\/de\/wp-json\/wp\/v2\/pages\/5519\/revisions\/13511"}],"wp:attachment":[{"href":"https:\/\/mapp.com\/de\/wp-json\/wp\/v2\/media?parent=5519"}],"curies":[{"name":"wp","href":"https:\/\/api.w.org\/{rel}","templated":true}]}}