{"id":3025,"date":"2020-03-13T10:02:11","date_gmt":"2020-03-13T17:02:11","guid":{"rendered":"https:\/\/mapp.com\/es\/?page_id=3025"},"modified":"2024-12-10T10:35:55","modified_gmt":"2024-12-10T09:35:55","slug":"newsletter","status":"publish","type":"page","link":"https:\/\/mapp.com\/es\/newsletter\/","title":{"rendered":"Newsletter"},"content":{"rendered":"<div class=\"newsletter-page\" style=\"width: 70%; margin: 0 auto;\">Suscr\u00edbete a nuestra newsletter mensual para recibir las \u00faltimas noticias de marketing, consejos y recursos que te ayudar\u00e1n a desmarcarte del resto.<br \/>\n<script charset=\"utf-8\" type=\"text\/javascript\" src=\"\/\/js.hsforms.net\/forms\/embed\/v2.js\"><\/script><br \/>\n<script>\n  hbspt.forms.create({\n    region: \"na1\",\n    portalId: \"5349232\",\n    formId: \"ede6570e-084e-4d82-a265-e4471fa598ae\",\n    sfdcCampaignId: \"7014M000001lmYoQAI\",\n    onFormSubmitted: function($form){\n        var emailVal = document.querySelector('.hbspt-form input[name=\"email\"]').value;\n        window.dataLayer.push({\n          'event': 'HS-form-submit',\n          'HS-formName': 'Newsletter Subscription',\n          'HS-formLanguage': 'ES',\n          'HS-formID': 'ede6570e-084e-4d82-a265-e4471fa598ae',\n          'HS-goalType_NL_Subscription': 'Newsletter Subscription',\n          'HS-emailAddress': emailVal\n        });\n    }\n  });\n<\/script><\/div>\n","protected":false},"excerpt":{"rendered":"<p>Suscr\u00edbete a nuestra newsletter mensual para recibir las \u00faltimas noticias de marketing, consejos y recursos que te ayudar\u00e1n a desmarcarte del resto.<\/p>\n","protected":false},"author":18,"featured_media":0,"parent":0,"menu_order":0,"comment_status":"closed","ping_status":"closed","template":"page-templates\/terms.php","meta":{"_acf_changed":false,"footnotes":""},"class_list":["post-3025","page","type-page","status-publish","hentry"],"acf":[],"_links":{"self":[{"href":"https:\/\/mapp.com\/es\/wp-json\/wp\/v2\/pages\/3025","targetHints":{"allow":["GET"]}}],"collection":[{"href":"https:\/\/mapp.com\/es\/wp-json\/wp\/v2\/pages"}],"about":[{"href":"https:\/\/mapp.com\/es\/wp-json\/wp\/v2\/types\/page"}],"author":[{"embeddable":true,"href":"https:\/\/mapp.com\/es\/wp-json\/wp\/v2\/users\/18"}],"replies":[{"embeddable":true,"href":"https:\/\/mapp.com\/es\/wp-json\/wp\/v2\/comments?post=3025"}],"version-history":[{"count":0,"href":"https:\/\/mapp.com\/es\/wp-json\/wp\/v2\/pages\/3025\/revisions"}],"wp:attachment":[{"href":"https:\/\/mapp.com\/es\/wp-json\/wp\/v2\/media?parent=3025"}],"curies":[{"name":"wp","href":"https:\/\/api.w.org\/{rel}","templated":true}]}}